{"id":2386,"date":"2024-02-20T14:23:45","date_gmt":"2024-02-20T14:23:45","guid":{"rendered":"https:\/\/luyenthitokutei.com\/?page_id=2386"},"modified":"2024-03-31T16:40:33","modified_gmt":"2024-03-31T16:40:33","slug":"tai-lieu-tokutei-nha-hang","status":"publish","type":"page","link":"https:\/\/luyenthitokutei.com\/ja\/tai-lieu-tokutei\/tai-lieu-tokutei-nha-hang\/","title":{"rendered":"\u5916\u98df\u306e\u6559\u6750"},"content":{"rendered":"<div class=\"row row-collapse row-full-width align-center row-divided\"  id=\"row-539646814\">\n\n\n\t<div id=\"col-424264941\" class=\"col medium-7 small-12 large-7\"  >\n\t\t<div class=\"col-inner text-left\" style=\"background-color:rgb(77, 133, 139);\" >\n\t\t\t\n\t\t\t\n\n<div class=\"row\"  id=\"row-709610135\">\n\n\n\t<div id=\"col-1770701316\" class=\"col small-12 large-12\"  >\n\t\t<div class=\"col-inner dark\"  >\n\t\t\t\n\t\t\t\n\n<h2>T\u00e0i li\u1ec7u nh\u00e0 h\u00e0ng<\/h2>\n\t<div id=\"gap-1768319850\" class=\"gap-element clearfix\" style=\"display:block; height:auto;\">\n\t\t\n<style>\n#gap-1768319850 {\n  padding-top: 15px;\n}\n<\/style>\n\t<\/div>\n\t\n\n\t<div class=\"ux-menu stack stack-col justify-start\">\n\t\t\n\n\t<div class=\"ux-menu-link flex menu-item\">\n\t\t<a class=\"ux-menu-link__link flex\" href=\"https:\/\/luyenthitokutei.com\/ja\/00-bo-de-thi-tokutei-nha-hanghoru-final-tieng-viet\/\"  >\n\t\t\t<i class=\"ux-menu-link__icon text-center icon-angle-right\" ><\/i>\t\t\t<span class=\"ux-menu-link__text\">\n\t\t\t\tB\u1ed9 \u0111\u1ec1 thi Tokutei nh\u00e0 h\u00e0ng (horu) Final Ti\u1ebfng Vi\u1ec7t\t\t\t<\/span>\n\t\t<\/a>\n\t<\/div>\n\t\n\n\t<div class=\"ux-menu-link flex menu-item\">\n\t\t<a class=\"ux-menu-link__link flex\" href=\"https:\/\/luyenthitokutei.com\/ja\/de-nha-hang-tokutei-chinh-thuc-2020\/\"  >\n\t\t\t<i class=\"ux-menu-link__icon text-center icon-angle-right\" ><\/i>\t\t\t<span class=\"ux-menu-link__text\">\n\t\t\t\t\u0110\u1ec1 nh\u00e0 h\u00e0ng Tokutei ch\u00ednh th\u1ee9c 2020\t\t\t<\/span>\n\t\t<\/a>\n\t<\/div>\n\t\n\n\t<div class=\"ux-menu-link flex menu-item\">\n\t\t<a class=\"ux-menu-link__link flex\" href=\"https:\/\/luyenthitokutei.com\/ja\/bai-giang-tokutei-tiep-khach\/\"  >\n\t\t\t<i class=\"ux-menu-link__icon text-center icon-angle-right\" ><\/i>\t\t\t<span class=\"ux-menu-link__text\">\n\t\t\t\tB\u00e0i gi\u1ea3ng tokutei - ti\u1ebfp kh\u00e1ch\t\t\t<\/span>\n\t\t<\/a>\n\t<\/div>\n\t\n\n\t<div class=\"ux-menu-link flex menu-item\">\n\t\t<a class=\"ux-menu-link__link flex\" href=\"https:\/\/luyenthitokutei.com\/ja\/bai-giang-tokutei-an-toan-ve-sinh-thuc-pham\/\"  >\n\t\t\t<i class=\"ux-menu-link__icon text-center icon-angle-right\" ><\/i>\t\t\t<span class=\"ux-menu-link__text\">\n\t\t\t\tB\u00e0i gi\u1ea3ng tokutei - an to\u00e0n v\u1ec7 sinh th\u1ef1c ph\u1ea9m\t\t\t<\/span>\n\t\t<\/a>\n\t<\/div>\n\t\n\n\t<div class=\"ux-menu-link flex menu-item\">\n\t\t<a class=\"ux-menu-link__link flex\" href=\"https:\/\/luyenthitokutei.com\/ja\/bai-giang-tokutei-nau-an\/\"  >\n\t\t\t<i class=\"ux-menu-link__icon text-center icon-angle-right\" ><\/i>\t\t\t<span class=\"ux-menu-link__text\">\n\t\t\t\tB\u00e0i gi\u1ea3ng tokutei - n\u1ea5u \u0103n\t\t\t<\/span>\n\t\t<\/a>\n\t<\/div>\n\t\n\n\t<div class=\"ux-menu-link flex menu-item\">\n\t\t<a class=\"ux-menu-link__link flex\" href=\"https:\/\/luyenthitokutei.com\/ja\/tieng-nhat-nha-hang-tiep-khach\/\"  >\n\t\t\t<i class=\"ux-menu-link__icon text-center icon-angle-right\" ><\/i>\t\t\t<span class=\"ux-menu-link__text\">\n\t\t\t\tTi\u1ebfng Nh\u1eadt nh\u00e0 h\u00e0ng - ti\u1ebfp kh\u00e1ch\t\t\t<\/span>\n\t\t<\/a>\n\t<\/div>\n\t\n\n\t<div class=\"ux-menu-link flex menu-item\">\n\t\t<a class=\"ux-menu-link__link flex\" href=\"https:\/\/luyenthitokutei.com\/ja\/tieng-nhat-nha-hang-an-toan-ve-sinh-thuc-pham\/\"  >\n\t\t\t<i class=\"ux-menu-link__icon text-center icon-angle-right\" ><\/i>\t\t\t<span class=\"ux-menu-link__text\">\n\t\t\t\tTi\u1ebfng Nh\u1eadt nh\u00e0 h\u00e0ng - an to\u00e0n v\u1ec7 sinh th\u1ef1c ph\u1ea9m\t\t\t<\/span>\n\t\t<\/a>\n\t<\/div>\n\t\n\n\t<div class=\"ux-menu-link flex menu-item\">\n\t\t<a class=\"ux-menu-link__link flex\" href=\"https:\/\/luyenthitokutei.com\/ja\/tieng-nhat-nha-hang-nau-an\/\"  >\n\t\t\t<i class=\"ux-menu-link__icon text-center icon-angle-right\" ><\/i>\t\t\t<span class=\"ux-menu-link__text\">\n\t\t\t\tTi\u1ebfng Nh\u1eadt nh\u00e0 h\u00e0ng - n\u1ea5u \u0103n\t\t\t<\/span>\n\t\t<\/a>\n\t<\/div>\n\t\n\n\t<div class=\"ux-menu-link flex menu-item\">\n\t\t<a class=\"ux-menu-link__link flex\" href=\"https:\/\/luyenthitokutei.com\/ja\/tieng-viet-nha-hang-tiep-khach\/\"  >\n\t\t\t<i class=\"ux-menu-link__icon text-center icon-angle-right\" ><\/i>\t\t\t<span class=\"ux-menu-link__text\">\n\t\t\t\tTi\u1ebfng Vi\u1ec7t nh\u00e0 h\u00e0ng - ti\u1ebfp kh\u00e1ch\t\t\t<\/span>\n\t\t<\/a>\n\t<\/div>\n\t\n\n\t<div class=\"ux-menu-link flex menu-item\">\n\t\t<a class=\"ux-menu-link__link flex\" href=\"https:\/\/luyenthitokutei.com\/ja\/tieng-viet-nha-hang-an-toan-ve-sinh-thuc-pham\/\"  >\n\t\t\t<i class=\"ux-menu-link__icon text-center icon-angle-right\" ><\/i>\t\t\t<span class=\"ux-menu-link__text\">\n\t\t\t\tTi\u1ebfng Vi\u1ec7t nh\u00e0 h\u00e0ng - an to\u00e0n v\u1ec7 sinh th\u1ef1c ph\u1ea9m\t\t\t<\/span>\n\t\t<\/a>\n\t<\/div>\n\t\n\n\t<div class=\"ux-menu-link flex menu-item\">\n\t\t<a class=\"ux-menu-link__link flex\" href=\"https:\/\/luyenthitokutei.com\/ja\/tieng-viet-nha-hang-nau-an\/\"  >\n\t\t\t<i class=\"ux-menu-link__icon text-center icon-angle-right\" ><\/i>\t\t\t<span class=\"ux-menu-link__text\">\n\t\t\t\tTi\u1ebfng Vi\u1ec7t nh\u00e0 h\u00e0ng - n\u1ea5u \u0103n\t\t\t<\/span>\n\t\t<\/a>\n\t<\/div>\n\t\n\n\n\t<\/div>\n\t\n\n\t\t<\/div>\n\t\t\n<style>\n#col-1770701316 > .col-inner {\n  padding: 60px 60px 50px 50px;\n}\n<\/style>\n\t<\/div>\n\n\t\n\n<\/div>\n\n\t\t<\/div>\n\t\t\n<style>\n#col-424264941 > .col-inner {\n  padding: 0px 0px 0px 0;\n}\n@media (min-width:550px) {\n  #col-424264941 > .col-inner {\n    padding: 0px 0px 0px 45px;\n  }\n}\n<\/style>\n\t<\/div>\n\n\t\n\n\t<div id=\"col-1881268613\" class=\"col medium-5 small-12 large-5\"  >\n\t\t<div class=\"col-inner text-center dark\" style=\"background-color:rgb(255,255,255);\" >\n\t\t\t\n\t\t\t\n\n\n  <div class=\"banner has-hover bg-zoom\" id=\"banner-1614140780\">\n          <div class=\"banner-inner fill\">\n        <div class=\"banner-bg fill\" >\n            <div class=\"bg fill bg-fill\"><\/div>\n                                    \n                    <\/div>\n        <div class=\"banner-layers container\">\n            <a class=\"fill\" href=\"#\"  ><div class=\"fill banner-link\"><\/div><\/a>            \n\n   <div id=\"text-box-237024318\" class=\"text-box banner-layer x50 md-x50 lg-x50 y50 md-y50 lg-y50 res-text\">\n                                <div class=\"text-box-content text dark\">\n              \n              <div class=\"text-inner text-center\">\n                  \n\n\n              <\/div>\n           <\/div>\n                            \n<style>\n#text-box-237024318 {\n  width: 60%;\n}\n#text-box-237024318 .text-box-content {\n  font-size: 100%;\n}\n@media (min-width:550px) {\n  #text-box-237024318 {\n    width: 60%;\n  }\n}\n<\/style>\n    <\/div>\n \n\n        <\/div>\n      <\/div>\n\n            \n<style>\n#banner-1614140780 {\n  padding-top: 99.99%;\n  background-color: rgb(255,255,255);\n}\n#banner-1614140780 .bg.bg-loaded {\n  background-image: url(https:\/\/luyenthitokutei.com\/wp-content\/uploads\/2024\/02\/JFT17_1-1.png);\n}\n<\/style>\n  <\/div>\n\n\n\t<div id=\"gap-2068678733\" class=\"gap-element clearfix\" style=\"display:block; height:auto;\">\n\t\t\n<style>\n#gap-2068678733 {\n  padding-top: 20px;\n}\n<\/style>\n\t<\/div>\n\t\n\n\n\t\t<\/div>\n\t\t\n<style>\n#col-1881268613 > .col-inner {\n  padding: 10% 10% 10% 10%;\n}\n<\/style>\n\t<\/div>\n\n\t\n\n<\/div>","protected":false},"excerpt":{"rendered":"","protected":false},"author":1,"featured_media":0,"parent":2380,"menu_order":0,"comment_status":"closed","ping_status":"closed","template":"page-blank.php","meta":{"footnotes":""},"class_list":["post-2386","page","type-page","status-publish","hentry"],"_links":{"self":[{"href":"https:\/\/luyenthitokutei.com\/ja\/wp-json\/wp\/v2\/pages\/2386","targetHints":{"allow":["GET"]}}],"collection":[{"href":"https:\/\/luyenthitokutei.com\/ja\/wp-json\/wp\/v2\/pages"}],"about":[{"href":"https:\/\/luyenthitokutei.com\/ja\/wp-json\/wp\/v2\/types\/page"}],"author":[{"embeddable":true,"href":"https:\/\/luyenthitokutei.com\/ja\/wp-json\/wp\/v2\/users\/1"}],"replies":[{"embeddable":true,"href":"https:\/\/luyenthitokutei.com\/ja\/wp-json\/wp\/v2\/comments?post=2386"}],"version-history":[{"count":26,"href":"https:\/\/luyenthitokutei.com\/ja\/wp-json\/wp\/v2\/pages\/2386\/revisions"}],"predecessor-version":[{"id":3545,"href":"https:\/\/luyenthitokutei.com\/ja\/wp-json\/wp\/v2\/pages\/2386\/revisions\/3545"}],"up":[{"embeddable":true,"href":"https:\/\/luyenthitokutei.com\/ja\/wp-json\/wp\/v2\/pages\/2380"}],"wp:attachment":[{"href":"https:\/\/luyenthitokutei.com\/ja\/wp-json\/wp\/v2\/media?parent=2386"}],"curies":[{"name":"wp","href":"https:\/\/api.w.org\/{rel}","templated":true}]}}