{"id":2392,"date":"2024-02-20T14:24:39","date_gmt":"2024-02-20T14:24:39","guid":{"rendered":"https:\/\/luyenthitokutei.com\/?page_id=2392"},"modified":"2024-04-04T09:27:00","modified_gmt":"2024-04-04T09:27:00","slug":"tai-lieu-tokutei-kaigo","status":"publish","type":"page","link":"https:\/\/luyenthitokutei.com\/ja\/tai-lieu-tokutei\/tai-lieu-tokutei-kaigo\/","title":{"rendered":"\u4ecb\u8b77\u306e\u6559\u6750"},"content":{"rendered":"<div class=\"row row-collapse row-full-width align-center row-divided\"  id=\"row-782860562\">\n\n\n\t<div id=\"col-315112092\" class=\"col medium-7 small-12 large-7\"  >\n\t\t<div class=\"col-inner text-left\" style=\"background-color:rgb(77, 133, 139);\" >\n\t\t\t\n\t\t\t\n\n<div class=\"row\"  id=\"row-45522118\">\n\n\n\t<div id=\"col-2074640813\" class=\"col small-12 large-12\"  >\n\t\t<div class=\"col-inner dark\"  >\n\t\t\t\n\t\t\t\n\n<h2>\u4ecb\u8b77\u306e\u6559\u6750<\/h2>\n\t<div id=\"gap-1218360136\" class=\"gap-element clearfix\" style=\"display:block; height:auto;\">\n\t\t\n<style>\n#gap-1218360136 {\n  padding-top: 15px;\n}\n<\/style>\n\t<\/div>\n\t\n\n\t<div class=\"ux-menu stack stack-col justify-start\">\n\t\t\n\n\t<div class=\"ux-menu-link flex menu-item\">\n\t\t<a class=\"ux-menu-link__link flex\" href=\"https:\/\/luyenthitokutei.com\/ja\/sach-on-thi-kaigo-tieng-viet\/\"  >\n\t\t\t<i class=\"ux-menu-link__icon text-center icon-angle-right\" ><\/i>\t\t\t<span class=\"ux-menu-link__text\">\n\t\t\t\tS\u00e1ch \u00f4n thi tokutei kaigo ti\u1ebfng Vi\u1ec7t\t\t\t<\/span>\n\t\t<\/a>\n\t<\/div>\n\t\n\n\t<div class=\"ux-menu-link flex menu-item\">\n\t\t<a class=\"ux-menu-link__link flex\" href=\"https:\/\/luyenthitokutei.com\/ja\/gioi-thieu-cong-viec-dieu-duong\/\"  >\n\t\t\t<i class=\"ux-menu-link__icon text-center icon-angle-right\" ><\/i>\t\t\t<span class=\"ux-menu-link__text\">\n\t\t\t\tGi\u1edbi thi\u1ec7u c\u00f4ng vi\u1ec7c \u0111i\u1ec1u d\u01b0\u1ee1ng\t\t\t<\/span>\n\t\t<\/a>\n\t<\/div>\n\t\n\n\t<div class=\"ux-menu-link flex menu-item\">\n\t\t<a class=\"ux-menu-link__link flex\" href=\"https:\/\/luyenthitokutei.com\/ja\/sach-on-thi-kaigo-tieng-nhat\/\"  >\n\t\t\t<i class=\"ux-menu-link__icon text-center icon-angle-right\" ><\/i>\t\t\t<span class=\"ux-menu-link__text\">\n\t\t\t\tS\u00e1ch \u00f4n thi kaigo ti\u1ebfng Nh\u1eadt\t\t\t<\/span>\n\t\t<\/a>\n\t<\/div>\n\t\n\n\t<div class=\"ux-menu-link flex menu-item\">\n\t\t<a class=\"ux-menu-link__link flex\" href=\"https:\/\/luyenthitokutei.com\/ja\/%e7%89%b9%e5%ae%9a%e4%bb%8b%e8%ad%b7%e3%83%86%e3%82%ad%e3%82%b9%e3%83%88-co-dap-an\/\"  >\n\t\t\t<i class=\"ux-menu-link__icon text-center icon-angle-right\" ><\/i>\t\t\t<span class=\"ux-menu-link__text\">\n\t\t\t\t\u7279\u5b9a\u4ecb\u8b77\u30c6\u30ad\u30b9\u30c8 c\u00f3 \u0111\u00e1p \u00e1n\t\t\t<\/span>\n\t\t<\/a>\n\t<\/div>\n\t\n\n\t<div class=\"ux-menu-link flex menu-item\">\n\t\t<a class=\"ux-menu-link__link flex\" href=\"https:\/\/drive.google.com\/drive\/folders\/1jkjJxTKzQhroqrG7nmc-do21LGEnXcod?usp=sharing\" target=\"_blank\" rel=\"noopener noreferrer\" >\n\t\t\t<i class=\"ux-menu-link__icon text-center icon-angle-right\" ><\/i>\t\t\t<span class=\"ux-menu-link__text\">\n\t\t\t\tC\u00e2u h\u1ecfi tr\u00fang t\u1ee7 \u0111\u1ec1 thi ki\u1ebfn th\u1ee9c Ti\u1ebfng Vi\u1ec7t\t\t\t<\/span>\n\t\t<\/a>\n\t<\/div>\n\t\n\n\n\t<\/div>\n\t\n\t<div id=\"gap-1998700362\" class=\"gap-element clearfix\" style=\"display:block; height:auto;\">\n\t\t\n<style>\n#gap-1998700362 {\n  padding-top: 100px;\n}\n<\/style>\n\t<\/div>\n\t\n\n\n\t\t<\/div>\n\t\t\n<style>\n#col-2074640813 > .col-inner {\n  padding: 60px 60px 50px 50px;\n}\n<\/style>\n\t<\/div>\n\n\t\n\n<\/div>\n\n\t\t<\/div>\n\t\t\n<style>\n#col-315112092 > .col-inner {\n  padding: 0px 0px 0px 0;\n}\n@media (min-width:550px) {\n  #col-315112092 > .col-inner {\n    padding: 0px 0px 0px 45px;\n  }\n}\n<\/style>\n\t<\/div>\n\n\t\n\n\t<div id=\"col-776116663\" class=\"col medium-5 small-12 large-5\"  >\n\t\t<div class=\"col-inner text-center dark\" style=\"background-color:rgb(255,255,255);\" >\n\t\t\t\n\t\t\t\n\n\n  <div class=\"banner has-hover bg-zoom\" id=\"banner-1729282977\">\n          <div class=\"banner-inner fill\">\n        <div class=\"banner-bg fill\" >\n            <div class=\"bg fill bg-fill\"><\/div>\n                                    \n                    <\/div>\n        <div class=\"banner-layers container\">\n            <a class=\"fill\" href=\"#\"  ><div class=\"fill banner-link\"><\/div><\/a>            \n\n   <div id=\"text-box-1561515781\" class=\"text-box banner-layer x50 md-x50 lg-x50 y50 md-y50 lg-y50 res-text\">\n                                <div class=\"text-box-content text dark\">\n              \n              <div class=\"text-inner text-center\">\n                  \n\n\n              <\/div>\n           <\/div>\n                            \n<style>\n#text-box-1561515781 {\n  width: 60%;\n}\n#text-box-1561515781 .text-box-content {\n  font-size: 100%;\n}\n@media (min-width:550px) {\n  #text-box-1561515781 {\n    width: 60%;\n  }\n}\n<\/style>\n    <\/div>\n \n\n        <\/div>\n      <\/div>\n\n            \n<style>\n#banner-1729282977 {\n  padding-top: 99.99%;\n  background-color: rgb(255,255,255);\n}\n#banner-1729282977 .bg.bg-loaded {\n  background-image: url(https:\/\/luyenthitokutei.com\/wp-content\/uploads\/2024\/02\/JFT17_1-1.png);\n}\n<\/style>\n  <\/div>\n\n\n\t<div id=\"gap-328794608\" class=\"gap-element clearfix\" style=\"display:block; height:auto;\">\n\t\t\n<style>\n#gap-328794608 {\n  padding-top: 20px;\n}\n<\/style>\n\t<\/div>\n\t\n\n\n\t\t<\/div>\n\t\t\n<style>\n#col-776116663 > .col-inner {\n  padding: 10% 10% 10% 10%;\n}\n<\/style>\n\t<\/div>\n\n\t\n\n<\/div>","protected":false},"excerpt":{"rendered":"","protected":false},"author":1,"featured_media":0,"parent":2380,"menu_order":0,"comment_status":"closed","ping_status":"closed","template":"page-blank.php","meta":{"footnotes":""},"class_list":["post-2392","page","type-page","status-publish","hentry"],"_links":{"self":[{"href":"https:\/\/luyenthitokutei.com\/ja\/wp-json\/wp\/v2\/pages\/2392","targetHints":{"allow":["GET"]}}],"collection":[{"href":"https:\/\/luyenthitokutei.com\/ja\/wp-json\/wp\/v2\/pages"}],"about":[{"href":"https:\/\/luyenthitokutei.com\/ja\/wp-json\/wp\/v2\/types\/page"}],"author":[{"embeddable":true,"href":"https:\/\/luyenthitokutei.com\/ja\/wp-json\/wp\/v2\/users\/1"}],"replies":[{"embeddable":true,"href":"https:\/\/luyenthitokutei.com\/ja\/wp-json\/wp\/v2\/comments?post=2392"}],"version-history":[{"count":8,"href":"https:\/\/luyenthitokutei.com\/ja\/wp-json\/wp\/v2\/pages\/2392\/revisions"}],"predecessor-version":[{"id":3650,"href":"https:\/\/luyenthitokutei.com\/ja\/wp-json\/wp\/v2\/pages\/2392\/revisions\/3650"}],"up":[{"embeddable":true,"href":"https:\/\/luyenthitokutei.com\/ja\/wp-json\/wp\/v2\/pages\/2380"}],"wp:attachment":[{"href":"https:\/\/luyenthitokutei.com\/ja\/wp-json\/wp\/v2\/media?parent=2392"}],"curies":[{"name":"wp","href":"https:\/\/api.w.org\/{rel}","templated":true}]}}