{"id":3233,"date":"2024-03-14T07:31:59","date_gmt":"2024-03-14T07:31:59","guid":{"rendered":"https:\/\/luyenthitokutei.com\/?page_id=3233"},"modified":"2024-03-31T17:25:22","modified_gmt":"2024-03-31T17:25:22","slug":"bai-giang-tokutei-chan-nuoi","status":"publish","type":"page","link":"https:\/\/luyenthitokutei.com\/ja\/bai-giang-tokutei\/bai-giang-tokutei-chan-nuoi\/","title":{"rendered":"\u755c\u7523\u306e\u8b1b\u7fa9"},"content":{"rendered":"<div class=\"slider-wrapper relative\" id=\"slider-995849700\" >\n    <div class=\"slider slider-nav-circle slider-nav-large slider-nav-light slider-style-normal\"\n        data-flickity-options='{            \"cellAlign\": \"center\",            \"imagesLoaded\": true,            \"lazyLoad\": 1,            \"freeScroll\": false,            \"wrapAround\": true,            \"autoPlay\": 6000,            \"pauseAutoPlayOnHover\" : true,            \"prevNextButtons\": true,            \"contain\" : true,            \"adaptiveHeight\" : true,            \"dragThreshold\" : 10,            \"percentPosition\": true,            \"pageDots\": true,            \"rightToLeft\": false,            \"draggable\": true,            \"selectedAttraction\": 0.1,            \"parallax\" : 0,            \"friction\": 0.6        }'\n        >\n        \n\n\n  <div class=\"banner has-hover\" id=\"banner-1776937568\">\n          <div class=\"banner-inner fill\">\n        <div class=\"banner-bg fill\" >\n            <div class=\"bg fill bg-fill\"><\/div>\n                        <div class=\"overlay\"><\/div>            \n                    <\/div>\n        <div class=\"banner-layers container\">\n            <div class=\"fill banner-link\"><\/div>            \n\n   <div id=\"text-box-1938269632\" class=\"text-box banner-layer x5 md-x5 lg-x5 y50 md-y50 lg-y50 res-text\">\n                                <div class=\"text-box-content text dark\">\n              \n              <div class=\"text-inner text-left\">\n                  \n\n<h2 class=\"uppercase\"><strong>\u53d7\u9a13\u6e96\u5099<\/strong><\/h2>\n<h3>tokutei ch\u0103n nu\u00f4i<\/h3>\n<p>Chinh ph\u1ee5c Ch\u1ee9ng ch\u1ec9 Tokutei v\u1edbi ch\u01b0\u01a1ng tr\u00ecnh h\u1ed7 tr\u1ee3 \u0111\u1eb7c bi\u1ec7t c\u1ee7a ch\u00fang t\u00f4i \u2013 N\u1ec1n t\u1ea3ng ho\u00e0n h\u1ea3o \u0111\u1ec3 n\u00e2ng cao k\u1ef9 n\u0103ng v\u00e0 ki\u1ebfn th\u1ee9c c\u1ea7n thi\u1ebft cho s\u1ef1 nghi\u1ec7p t\u1ea1i Nh\u1eadt B\u1ea3n.<\/p>\n\n              <\/div>\n           <\/div>\n                            \n<style>\n#text-box-1938269632 {\n  width: 60%;\n}\n#text-box-1938269632 .text-box-content {\n  font-size: 100%;\n}\n@media (min-width:550px) {\n  #text-box-1938269632 {\n    width: 40%;\n  }\n}\n<\/style>\n    <\/div>\n \n\n        <\/div>\n      <\/div>\n\n            \n<style>\n#banner-1776937568 {\n  padding-top: 446px;\n}\n#banner-1776937568 .bg.bg-loaded {\n  background-image: url(https:\/\/luyenthitokutei.com\/wp-content\/uploads\/2024\/01\/z5051838476695_0b469019839ca6a478269e72f935f7e4-1024x768.jpg);\n}\n#banner-1776937568 .overlay {\n  background-color: rgba(0,0,0,.5);\n}\n#banner-1776937568 .bg {\n  background-position: 36% 65%;\n}\n<\/style>\n  <\/div>\n\n\n\n     <\/div>\n\n     <div class=\"loading-spin dark large centered\"><\/div>\n\n     \t<\/div>\n\n\n<div class=\"row row-small align-middle align-center\"  id=\"row-756333738\">\n\n\n\t<div id=\"col-1615495494\" class=\"col medium-10 small-12 large-10\"  >\n\t\t<div class=\"col-inner\"  >\n\t\t\t\n\t\t\t\n\n\t<section class=\"section\" id=\"section_1720087588\">\n\t\t<div class=\"bg section-bg fill bg-fill\" >\n\n\t\t\t\n\t\t\t\n\t\t\t\n\n\t\t<\/div>\n\n\t\t<div class=\"section-content relative\">\n\t\t\t\n\n<div class=\"row align-middle align-center row-solid\"  id=\"row-748686008\">\n\n\n\t<div id=\"col-1004706747\" class=\"col medium-10 small-12 large-10 col-divided\"  >\n\t\t<div class=\"col-inner\"  >\n\t\t\t\n\t\t\t\n\n<div class=\"row row-large align-middle align-center row-dashed\"  id=\"row-411345437\">\n\n\n\t<div id=\"col-461365755\" class=\"col medium-2 small-3 large-2\"  >\n\t\t<div class=\"col-inner dark\" style=\"background-color:rgb(254, 96, 76);\" >\n\t\t\t\n\t\t\t\n\n<div class=\"video-button-wrapper\" style=\"font-size:65%\"><a href=\"https:\/\/www.youtube.com\/watch?v=-P1VtJXFd-0\" class=\"button open-video icon circle is-outline is-xlarge\"><i class=\"icon-play\" style=\"font-size:1.5em;\"><\/i><\/a><\/div>\n\n\n\t\t<\/div>\n\t\t\t<\/div>\n\n\t\n\n\t<div id=\"col-1729154002\" class=\"col medium-10 small-9 large-10\"  >\n\t\t<div class=\"col-inner\" style=\"background-color:rgb(255,255,255);\" >\n\t\t\t\n\t<div class=\"is-border\"\n\t\tstyle=\"border-color:rgb(254, 96, 76);border-width:5px 5px 5px 5;\">\n\t<\/div>\n\t\t\t\n\n\t<div id=\"text-496763756\" class=\"text\">\n\t\t\n\n<i>\n<p>\u0110\u1ec1 thi Tokutei Ch\u0103n nu\u00f4i \u0111i thi ghi l\u1ea1i Ch\u00ednh th\u1ee9c Ph\u1ea7n 1 &#8211; 100 c\u00e2u h\u1ecfi hay c\u00f3 trong \u0111\u1ec1 thi Ch<\/p><\/i>\n\t\t\n<style>\n#text-496763756 {\n  font-size: 0.92rem;\n  line-height: 1;\n  color: rgb(31, 34, 73);\n}\n#text-496763756 > * {\n  color: rgb(31, 34, 73);\n}\n@media (min-width:550px) {\n  #text-496763756 {\n    line-height: 1;\n  }\n}\n<\/style>\n\t<\/div>\n\t\n\n\t\t<\/div>\n\t\t\t<\/div>\n\n\t\n\n\n<style>\n#row-411345437 > .col > .col-inner {\n  background-color: rgb(106, 207, 214);\n}\n<\/style>\n<\/div>\n\t<div id=\"gap-1737428386\" class=\"gap-element clearfix\" style=\"display:block; height:auto;\">\n\t\t\n<style>\n#gap-1737428386 {\n  padding-top: 15px;\n}\n<\/style>\n\t<\/div>\n\t\n\n<div class=\"row row-large align-middle align-center row-dashed\"  id=\"row-1235491317\">\n\n\n\t<div id=\"col-1717262539\" class=\"col medium-2 small-3 large-2\"  >\n\t\t<div class=\"col-inner dark\" style=\"background-color:rgb(254, 96, 76);\" >\n\t\t\t\n\t\t\t\n\n<div class=\"video-button-wrapper\" style=\"font-size:65%\"><a href=\"https:\/\/www.youtube.com\/watch?v=hO0VUzUaVCo\" class=\"button open-video icon circle is-outline is-xlarge\"><i class=\"icon-play\" style=\"font-size:1.5em;\"><\/i><\/a><\/div>\n\n\n\t\t<\/div>\n\t\t\t<\/div>\n\n\t\n\n\t<div id=\"col-1607921008\" class=\"col medium-10 small-9 large-10\"  >\n\t\t<div class=\"col-inner\" style=\"background-color:rgb(255,255,255);\" >\n\t\t\t\n\t<div class=\"is-border\"\n\t\tstyle=\"border-color:rgb(254, 96, 76);border-width:5px 5px 5px 5;\">\n\t<\/div>\n\t\t\t\n\n\t<div id=\"text-1043372198\" class=\"text\">\n\t\t\n\n<i>\n<p>\u0110\u1ec1 thi Tokutei Ch\u0103n nu\u00f4i \u0111i thi ghi l\u1ea1i Ch\u00ednh th\u1ee9c -P2 &#8211; 100 c\u00e2u h\u1ecfi hay c\u00f3 trong \u0111\u1ec1 thi<\/p><\/i>\n\t\t\n<style>\n#text-1043372198 {\n  font-size: 0.92rem;\n  line-height: 1;\n  color: rgb(31, 34, 73);\n}\n#text-1043372198 > * {\n  color: rgb(31, 34, 73);\n}\n@media (min-width:550px) {\n  #text-1043372198 {\n    line-height: 1;\n  }\n}\n<\/style>\n\t<\/div>\n\t\n\n\t\t<\/div>\n\t\t\t<\/div>\n\n\t\n\n\n<style>\n#row-1235491317 > .col > .col-inner {\n  background-color: rgb(106, 207, 214);\n}\n<\/style>\n<\/div>\n\t<div id=\"gap-1346067407\" class=\"gap-element clearfix\" style=\"display:block; height:auto;\">\n\t\t\n<style>\n#gap-1346067407 {\n  padding-top: 15px;\n}\n<\/style>\n\t<\/div>\n\t\n\n\n\t\t<\/div>\n\t\t\t<\/div>\n\n\t\n\n<\/div>\n\n\t\t<\/div>\n\n\t\t\n<style>\n#section_1720087588 {\n  padding-top: 30px;\n  padding-bottom: 30px;\n}\n#section_1720087588 .section-bg.bg-loaded {\n  background-image: url(https:\/\/luyenthitokutei.com\/wp-content\/uploads\/2024\/01\/Untitled-1.png);\n}\n#section_1720087588 .section-bg {\n  background-position: 2%50%;\n}\n<\/style>\n\t<\/section>\n\t\n\n\t\t<\/div>\n\t\t\t<\/div>\n\n\t\n\n<\/div>","protected":false},"excerpt":{"rendered":"","protected":false},"author":1,"featured_media":0,"parent":2207,"menu_order":0,"comment_status":"closed","ping_status":"closed","template":"page-blank.php","meta":{"footnotes":""},"class_list":["post-3233","page","type-page","status-publish","hentry"],"_links":{"self":[{"href":"https:\/\/luyenthitokutei.com\/ja\/wp-json\/wp\/v2\/pages\/3233","targetHints":{"allow":["GET"]}}],"collection":[{"href":"https:\/\/luyenthitokutei.com\/ja\/wp-json\/wp\/v2\/pages"}],"about":[{"href":"https:\/\/luyenthitokutei.com\/ja\/wp-json\/wp\/v2\/types\/page"}],"author":[{"embeddable":true,"href":"https:\/\/luyenthitokutei.com\/ja\/wp-json\/wp\/v2\/users\/1"}],"replies":[{"embeddable":true,"href":"https:\/\/luyenthitokutei.com\/ja\/wp-json\/wp\/v2\/comments?post=3233"}],"version-history":[{"count":5,"href":"https:\/\/luyenthitokutei.com\/ja\/wp-json\/wp\/v2\/pages\/3233\/revisions"}],"predecessor-version":[{"id":3586,"href":"https:\/\/luyenthitokutei.com\/ja\/wp-json\/wp\/v2\/pages\/3233\/revisions\/3586"}],"up":[{"embeddable":true,"href":"https:\/\/luyenthitokutei.com\/ja\/wp-json\/wp\/v2\/pages\/2207"}],"wp:attachment":[{"href":"https:\/\/luyenthitokutei.com\/ja\/wp-json\/wp\/v2\/media?parent=3233"}],"curies":[{"name":"wp","href":"https:\/\/api.w.org\/{rel}","templated":true}]}}